{"id":11497,"date":"2024-12-02T08:26:44","date_gmt":"2024-12-02T07:26:44","guid":{"rendered":"https:\/\/norrakershandel.se\/?page_id=11497"},"modified":"2024-12-02T15:12:29","modified_gmt":"2024-12-02T14:12:29","slug":"allmanna-villkor","status":"publish","type":"page","link":"https:\/\/norrakershandel.se\/en\/allmanna-villkor\/","title":{"rendered":"General Terms and Conditions"},"content":{"rendered":"<div data-elementor-type=\"wp-page\" data-elementor-id=\"11497\" class=\"elementor elementor-11497\" data-elementor-post-type=\"page\">\n\t\t\t\t\t\t<section class=\"elementor-section elementor-top-section elementor-element elementor-element-693d5776 elementor-section-boxed elementor-section-height-default elementor-section-height-default\" data-id=\"693d5776\" data-element_type=\"section\" data-e-type=\"section\">\n\t\t\t\t\t\t<div class=\"elementor-container elementor-column-gap-default\">\n\t\t\t\t\t<div class=\"elementor-column elementor-col-100 elementor-top-column elementor-element elementor-element-3834b66a\" data-id=\"3834b66a\" data-element_type=\"column\" data-e-type=\"column\">\n\t\t\t<div class=\"elementor-widget-wrap elementor-element-populated\">\n\t\t\t\t\t\t<div class=\"elementor-element elementor-element-393678df elementor-widget elementor-widget-heading\" data-id=\"393678df\" data-element_type=\"widget\" data-e-type=\"widget\" data-widget_type=\"heading.default\">\n\t\t\t\t<div class=\"elementor-widget-container\">\n\t\t\t\t\t<h1 class=\"elementor-heading-title elementor-size-default\">General Terms and Conditions<\/h1>\t\t\t\t<\/div>\n\t\t\t\t<\/div>\n\t\t\t\t<div class=\"elementor-element elementor-element-d6484aa elementor-widget elementor-widget-text-editor\" data-id=\"d6484aa\" data-element_type=\"widget\" data-e-type=\"widget\" data-widget_type=\"text-editor.default\">\n\t\t\t\t<div class=\"elementor-widget-container\">\n\t\t\t\t\t\t\t\t\t<p>All prices include 25% VAT. Costs for unredeemed packages are charged to the customer.<\/p><p>We reserve the right to correct any inaccuracies in pricing information that may appear on our website or in our marketing materials. If a price is incorrect due to technical problems or typographical errors, we have the right to adjust orders with the correct price or cancel them if necessary. We will always notify the customer and give the option to continue the purchase at the correct price or to cancel the order if a price error is detected.<\/p>\t\t\t\t\t\t\t\t<\/div>\n\t\t\t\t<\/div>\n\t\t\t\t<div class=\"elementor-element elementor-element-6754cc75 elementor-widget elementor-widget-heading\" data-id=\"6754cc75\" data-element_type=\"widget\" data-e-type=\"widget\" data-widget_type=\"heading.default\">\n\t\t\t\t<div class=\"elementor-widget-container\">\n\t\t\t\t\t<h2 class=\"elementor-heading-title elementor-size-default\">Card payment<\/h2>\t\t\t\t<\/div>\n\t\t\t\t<\/div>\n\t\t\t\t<div class=\"elementor-element elementor-element-44ada85b elementor-widget elementor-widget-text-editor\" data-id=\"44ada85b\" data-element_type=\"widget\" data-e-type=\"widget\" data-widget_type=\"text-editor.default\">\n\t\t\t\t<div class=\"elementor-widget-container\">\n\t\t\t\t\t\t\t\t\t<p><strong>Fast and flexible<\/strong>: Pay directly with your payment card without using third-party services.<\/p><p><strong>Security<\/strong>: Norr\u00e5kers Handel uses an encrypted payment solution to protect your data.<\/p><p><strong>Confirmation<\/strong>: You receive an immediate confirmation of completed payment.<\/p>\t\t\t\t\t\t\t\t<\/div>\n\t\t\t\t<\/div>\n\t\t\t\t<div class=\"elementor-element elementor-element-221afca9 elementor-widget elementor-widget-heading\" data-id=\"221afca9\" data-element_type=\"widget\" data-e-type=\"widget\" data-widget_type=\"heading.default\">\n\t\t\t\t<div class=\"elementor-widget-container\">\n\t\t\t\t\t<h2 class=\"elementor-heading-title elementor-size-default\">Swish (only in store)<\/h2>\t\t\t\t<\/div>\n\t\t\t\t<\/div>\n\t\t\t\t<div class=\"elementor-element elementor-element-121f0ef7 elementor-widget elementor-widget-text-editor\" data-id=\"121f0ef7\" data-element_type=\"widget\" data-e-type=\"widget\" data-widget_type=\"text-editor.default\">\n\t\t\t\t<div class=\"elementor-widget-container\">\n\t\t\t\t\t\t\t\t\t<p><strong>Fast and flexible<\/strong>: Pay directly via your mobile phone with Swish.<\/p><p><strong>Security<\/strong>: Payment is confirmed with BankID for high security.<\/p><p><strong>Confirmation<\/strong>: You receive a direct confirmation of completed payment.<\/p>\t\t\t\t\t\t\t\t<\/div>\n\t\t\t\t<\/div>\n\t\t\t\t<div class=\"elementor-element elementor-element-7ae65e74 elementor-widget elementor-widget-heading\" data-id=\"7ae65e74\" data-element_type=\"widget\" data-e-type=\"widget\" data-widget_type=\"heading.default\">\n\t\t\t\t<div class=\"elementor-widget-container\">\n\t\t\t\t\t<h2 class=\"elementor-heading-title elementor-size-default\">Shipping<\/h2>\t\t\t\t<\/div>\n\t\t\t\t<\/div>\n\t\t\t\t<div class=\"elementor-element elementor-element-2a755dd4 elementor-widget elementor-widget-text-editor\" data-id=\"2a755dd4\" data-element_type=\"widget\" data-e-type=\"widget\" data-widget_type=\"text-editor.default\">\n\t\t\t\t<div class=\"elementor-widget-container\">\n\t\t\t\t\t\t\t\t\t<p>When ordering crafts and not food, we can send the product to you, wherever you are in Sweden.\u00a0<\/p><p>The shipping cost varies depending on the size and weight of the package, but you can see the current shipping cost in the checkout already when ordering, no additional charges are added.\u00a0<\/p>\t\t\t\t\t\t\t\t<\/div>\n\t\t\t\t<\/div>\n\t\t\t\t\t<\/div>\n\t\t<\/div>\n\t\t\t\t\t<\/div>\n\t\t<\/section>\n\t\t\t\t<\/div>","protected":false},"excerpt":{"rendered":"<p>Allm\u00e4nna Villkor Alla priser inkluderar 25% moms. Kostnader f\u00f6r outl\u00f6sta paket debiteras kunden. Vi f\u00f6rbeh\u00e5ller oss r\u00e4tten att korrigera eventuella felaktigheter i prisinformation som kan uppst\u00e5 p\u00e5 v\u00e5r webbplats eller i v\u00e5rt marknadsf\u00f6ringsmaterial. Om ett pris \u00e4r felaktigt p\u00e5 grund av tekniska problem eller tryckfel, har vi r\u00e4tt att justera best\u00e4llningar med det korrekta priset [&hellip;]<\/p>\n","protected":false},"author":18,"featured_media":0,"parent":0,"menu_order":0,"comment_status":"closed","ping_status":"closed","template":"","meta":{"footnotes":""},"class_list":["post-11497","page","type-page","status-publish","hentry"],"_links":{"self":[{"href":"https:\/\/norrakershandel.se\/en\/wp-json\/wp\/v2\/pages\/11497","targetHints":{"allow":["GET"]}}],"collection":[{"href":"https:\/\/norrakershandel.se\/en\/wp-json\/wp\/v2\/pages"}],"about":[{"href":"https:\/\/norrakershandel.se\/en\/wp-json\/wp\/v2\/types\/page"}],"author":[{"embeddable":true,"href":"https:\/\/norrakershandel.se\/en\/wp-json\/wp\/v2\/users\/18"}],"replies":[{"embeddable":true,"href":"https:\/\/norrakershandel.se\/en\/wp-json\/wp\/v2\/comments?post=11497"}],"version-history":[{"count":4,"href":"https:\/\/norrakershandel.se\/en\/wp-json\/wp\/v2\/pages\/11497\/revisions"}],"predecessor-version":[{"id":11685,"href":"https:\/\/norrakershandel.se\/en\/wp-json\/wp\/v2\/pages\/11497\/revisions\/11685"}],"wp:attachment":[{"href":"https:\/\/norrakershandel.se\/en\/wp-json\/wp\/v2\/media?parent=11497"}],"curies":[{"name":"wp","href":"https:\/\/api.w.org\/{rel}","templated":true}]}}