{"id":720,"date":"2019-05-06T07:04:16","date_gmt":"2019-05-06T05:04:16","guid":{"rendered":"https:\/\/norrakershandel.se\/?page_id=720"},"modified":"2024-12-02T15:07:03","modified_gmt":"2024-12-02T14:07:03","slug":"mitt-konto","status":"publish","type":"page","link":"https:\/\/norrakershandel.se\/en\/mitt-konto\/","title":{"rendered":"My Account"},"content":{"rendered":"<div data-elementor-type=\"wp-post\" data-elementor-id=\"720\" class=\"elementor elementor-720\" data-elementor-post-type=\"page\">\n\t\t\t\t\t\t<section class=\"elementor-section elementor-top-section elementor-element elementor-element-1056b50 elementor-section-boxed elementor-section-height-default elementor-section-height-default\" data-id=\"1056b50\" data-element_type=\"section\" data-e-type=\"section\">\n\t\t\t\t\t\t<div class=\"elementor-container elementor-column-gap-default\">\n\t\t\t\t\t<div class=\"elementor-column elementor-col-100 elementor-top-column elementor-element elementor-element-71bc701\" data-id=\"71bc701\" data-element_type=\"column\" data-e-type=\"column\">\n\t\t\t<div class=\"elementor-widget-wrap elementor-element-populated\">\n\t\t\t\t\t\t<div class=\"elementor-element elementor-element-c208d0d e-my-account-tabs-vertical elementor-widget elementor-widget-woocommerce-my-account\" data-id=\"c208d0d\" data-element_type=\"widget\" data-e-type=\"widget\" data-widget_type=\"woocommerce-my-account.default\">\n\t\t\t\t<div class=\"elementor-widget-container\">\n\t\t\t\t\t<div class=\"e-my-account-tab e-my-account-tab__\">\t\t\t<div class=\"woocommerce\"><\/div>\t\t<\/div>\n\t\t\t\t\t\t<\/div>\n\t\t\t\t<\/div>\n\t\t\t\t\t<\/div>\n\t\t<\/div>\n\t\t\t\t\t<\/div>\n\t\t<\/section>\n\t\t\t\t<\/div>","protected":false},"excerpt":{"rendered":"<p>Adminpanel Best\u00e4llningar Nedladdningar Adresser Betalningsmetoder Kontouppgifter Logga ut Hej Christine Thelin (inte Christine Thelin? Logga ut) Fr\u00e5n din kontopanel kan du se dina senaste best\u00e4llningar, hantera dina leverans- och faktureringsadresser samt redigera ditt l\u00f6senord och kontouppgifter.<\/p>","protected":false},"author":2,"featured_media":0,"parent":0,"menu_order":0,"comment_status":"closed","ping_status":"closed","template":"","meta":{"footnotes":""},"class_list":["post-720","page","type-page","status-publish","hentry"],"_links":{"self":[{"href":"https:\/\/norrakershandel.se\/en\/wp-json\/wp\/v2\/pages\/720","targetHints":{"allow":["GET"]}}],"collection":[{"href":"https:\/\/norrakershandel.se\/en\/wp-json\/wp\/v2\/pages"}],"about":[{"href":"https:\/\/norrakershandel.se\/en\/wp-json\/wp\/v2\/types\/page"}],"author":[{"embeddable":true,"href":"https:\/\/norrakershandel.se\/en\/wp-json\/wp\/v2\/users\/2"}],"replies":[{"embeddable":true,"href":"https:\/\/norrakershandel.se\/en\/wp-json\/wp\/v2\/comments?post=720"}],"version-history":[{"count":4,"href":"https:\/\/norrakershandel.se\/en\/wp-json\/wp\/v2\/pages\/720\/revisions"}],"predecessor-version":[{"id":11674,"href":"https:\/\/norrakershandel.se\/en\/wp-json\/wp\/v2\/pages\/720\/revisions\/11674"}],"wp:attachment":[{"href":"https:\/\/norrakershandel.se\/en\/wp-json\/wp\/v2\/media?parent=720"}],"curies":[{"name":"wp","href":"https:\/\/api.w.org\/{rel}","templated":true}]}}