{"id":10743,"date":"2022-11-09T13:56:56","date_gmt":"2022-11-09T12:56:56","guid":{"rendered":"https:\/\/norrakershandel.se\/?post_type=product&#038;p=10743"},"modified":"2025-12-08T16:02:11","modified_gmt":"2025-12-08T15:02:11","slug":"tomten-fritte","status":"publish","type":"product","link":"https:\/\/norrakershandel.se\/en\/product\/tomten-fritte\/","title":{"rendered":"Tomten Fritte"},"content":{"rendered":"<p>Tomten Fritte vill skapa julst\u00e4mning i ditt hem med sin skimrande luva!<\/p>\n<p>Svensk design av Ruth Vetter f\u00f6r N\u00e4\u00e4sgr\u00e4nsg\u00e5rden. Alla tomtar \u00e4r handm\u00e5lade och unika i sitt slag.<\/p>\n<p>Finns i tre storlekar:<\/p>\n<p>St\u00f6rre med r\u00f6da byxor och guldig luva 18, 5 cm h\u00f6g<\/p>\n<p>Mindre med gr\u00e5 byxor och silvrig luva 12, 3 cm h\u00f6g<\/p>\n<p>Liten med r\u00f6da byxor och guldig luva 8,7 cm h\u00f6g<\/p>","protected":false},"excerpt":{"rendered":"<p>S\u00f6ta tomten Fritte har en skimrande luva och prickiga byxor i r\u00f6tt eller gr\u00e5tt.<\/p>","protected":false},"featured_media":10747,"comment_status":"open","ping_status":"closed","template":"","meta":[],"product_brand":[],"product_cat":[33,36],"product_tag":[],"class_list":{"0":"post-10743","1":"product","2":"type-product","3":"status-publish","4":"has-post-thumbnail","6":"product_cat-allt-for-hemmet","7":"product_cat-presenttips","9":"first","10":"instock","11":"taxable","12":"shipping-taxable","13":"purchasable","14":"product-type-variable"},"_links":{"self":[{"href":"https:\/\/norrakershandel.se\/en\/wp-json\/wp\/v2\/product\/10743","targetHints":{"allow":["GET"]}}],"collection":[{"href":"https:\/\/norrakershandel.se\/en\/wp-json\/wp\/v2\/product"}],"about":[{"href":"https:\/\/norrakershandel.se\/en\/wp-json\/wp\/v2\/types\/product"}],"replies":[{"embeddable":true,"href":"https:\/\/norrakershandel.se\/en\/wp-json\/wp\/v2\/comments?post=10743"}],"version-history":[{"count":1,"href":"https:\/\/norrakershandel.se\/en\/wp-json\/wp\/v2\/product\/10743\/revisions"}],"predecessor-version":[{"id":12206,"href":"https:\/\/norrakershandel.se\/en\/wp-json\/wp\/v2\/product\/10743\/revisions\/12206"}],"wp:featuredmedia":[{"embeddable":true,"href":"https:\/\/norrakershandel.se\/en\/wp-json\/wp\/v2\/media\/10747"}],"wp:attachment":[{"href":"https:\/\/norrakershandel.se\/en\/wp-json\/wp\/v2\/media?parent=10743"}],"wp:term":[{"taxonomy":"product_brand","embeddable":true,"href":"https:\/\/norrakershandel.se\/en\/wp-json\/wp\/v2\/product_brand?post=10743"},{"taxonomy":"product_cat","embeddable":true,"href":"https:\/\/norrakershandel.se\/en\/wp-json\/wp\/v2\/product_cat?post=10743"},{"taxonomy":"product_tag","embeddable":true,"href":"https:\/\/norrakershandel.se\/en\/wp-json\/wp\/v2\/product_tag?post=10743"}],"curies":[{"name":"wp","href":"https:\/\/api.w.org\/{rel}","templated":true}]}}