{"id":1704,"date":"2019-09-28T16:38:52","date_gmt":"2019-09-28T14:38:52","guid":{"rendered":"https:\/\/norrakershandel.se\/?post_type=product&#038;p=1704"},"modified":"2024-12-03T19:28:34","modified_gmt":"2024-12-03T18:28:34","slug":"kaffepase","status":"publish","type":"product","link":"https:\/\/norrakershandel.se\/en\/product\/kaffepase\/","title":{"rendered":"Kaffep\u00e5se"},"content":{"rendered":"<p>Kaffep\u00e5se i naturgarvat renskinn. Mjuk och smidig skinnp\u00e5se att f\u00f6rvara kaffet i n\u00e4r du ska ut p\u00e5 tur. Lappl\u00e4ndsk modell tillverkad av familjef\u00f6retaget Kero i Sattaj\u00e4rvi, Norrbotten.<\/p>\n<p>Rymmer 6 dl kaffe.<\/p>\n<p>Naturgarvning \u00e4r en milj\u00f6v\u00e4nlig garvning med garv\u00e4mnen fr\u00e5n v\u00e4xter och bark.<\/p>","protected":false},"excerpt":{"rendered":"<div class=\"\">Kaffep\u00e5se<\/div>\n<div class=\"\"><\/div>\n<div class=\"\">Kaffep\u00e5se i mjukaste renskinn. Naturgarvat av Kero i Sattaj\u00e4rvi i Norrbotten.<\/div>\n<div class=\"\"><\/div>\n<div class=\"\">Kaffep\u00e5se 365 kr<\/div>","protected":false},"featured_media":1751,"comment_status":"open","ping_status":"closed","template":"","meta":[],"product_brand":[],"product_cat":[29],"product_tag":[],"class_list":{"0":"post-1704","1":"product","2":"type-product","3":"status-publish","4":"has-post-thumbnail","6":"product_cat-uteliv","8":"first","9":"outofstock","10":"taxable","11":"shipping-taxable","12":"purchasable","13":"product-type-simple"},"_links":{"self":[{"href":"https:\/\/norrakershandel.se\/en\/wp-json\/wp\/v2\/product\/1704","targetHints":{"allow":["GET"]}}],"collection":[{"href":"https:\/\/norrakershandel.se\/en\/wp-json\/wp\/v2\/product"}],"about":[{"href":"https:\/\/norrakershandel.se\/en\/wp-json\/wp\/v2\/types\/product"}],"replies":[{"embeddable":true,"href":"https:\/\/norrakershandel.se\/en\/wp-json\/wp\/v2\/comments?post=1704"}],"version-history":[{"count":1,"href":"https:\/\/norrakershandel.se\/en\/wp-json\/wp\/v2\/product\/1704\/revisions"}],"predecessor-version":[{"id":11716,"href":"https:\/\/norrakershandel.se\/en\/wp-json\/wp\/v2\/product\/1704\/revisions\/11716"}],"wp:featuredmedia":[{"embeddable":true,"href":"https:\/\/norrakershandel.se\/en\/wp-json\/wp\/v2\/media\/1751"}],"wp:attachment":[{"href":"https:\/\/norrakershandel.se\/en\/wp-json\/wp\/v2\/media?parent=1704"}],"wp:term":[{"taxonomy":"product_brand","embeddable":true,"href":"https:\/\/norrakershandel.se\/en\/wp-json\/wp\/v2\/product_brand?post=1704"},{"taxonomy":"product_cat","embeddable":true,"href":"https:\/\/norrakershandel.se\/en\/wp-json\/wp\/v2\/product_cat?post=1704"},{"taxonomy":"product_tag","embeddable":true,"href":"https:\/\/norrakershandel.se\/en\/wp-json\/wp\/v2\/product_tag?post=1704"}],"curies":[{"name":"wp","href":"https:\/\/api.w.org\/{rel}","templated":true}]}}