{"id":2013,"date":"2019-10-09T00:10:03","date_gmt":"2019-10-08T22:10:03","guid":{"rendered":"https:\/\/norrakershandel.se\/?post_type=product&#038;p=2013"},"modified":"2021-10-13T18:46:56","modified_gmt":"2021-10-13T16:46:56","slug":"svartsjo-pannan","status":"publish","type":"product","link":"https:\/\/norrakershandel.se\/en\/product\/svartsjo-pannan\/","title":{"rendered":"Svartsj\u00f6-Pannan"},"content":{"rendered":"<div class=\"\">\n<div class=\"\">\n<div class=\"\">Stekpanna f\u00f6r att laga mat \u00f6ver \u00f6ppen eld.<\/div>\n<div><\/div>\n<div class=\"\">Traditionell modell f\u00f6r att laga mat ute.<\/div>\n<div><\/div>\n<div class=\"\">Vikbart handtag f\u00f6r att ta liten plats i ryggs\u00e4cken.<\/div>\n<div><\/div>\n<div class=\"\">Tillverkad av st\u00e5lpl\u00e5t med bl\u00e4strad insida behandlad med matolja.<\/div>\n<div><\/div>\n<div class=\"\">Den \u00e4r mycket t\u00e5lig och klarar h\u00f6ga temperaturer.<\/div>\n<div><\/div>\n<div class=\"\">En stekpanna att ha hela livet! Jutes\u00e4ck f\u00f6r f\u00f6rvaring ing\u00e5r. Tillverkad i Sverige.<\/div>\n<div class=\"\"><\/div>\n<\/div>\n<\/div>\n<div class=\"\"><\/div>\n<div class=\"\"><\/div>","protected":false},"excerpt":{"rendered":"<p>En stekpanna att ha hela livet! Jutes\u00e4ck f\u00f6r f\u00f6rvaring ing\u00e5r. Tillverkad i Sverige.<\/p>","protected":false},"featured_media":2015,"comment_status":"open","ping_status":"closed","template":"","meta":[],"product_brand":[],"product_cat":[29],"product_tag":[],"class_list":{"0":"post-2013","1":"product","2":"type-product","3":"status-publish","4":"has-post-thumbnail","6":"product_cat-uteliv","8":"first","9":"instock","10":"taxable","11":"shipping-taxable","12":"purchasable","13":"product-type-simple"},"_links":{"self":[{"href":"https:\/\/norrakershandel.se\/en\/wp-json\/wp\/v2\/product\/2013","targetHints":{"allow":["GET"]}}],"collection":[{"href":"https:\/\/norrakershandel.se\/en\/wp-json\/wp\/v2\/product"}],"about":[{"href":"https:\/\/norrakershandel.se\/en\/wp-json\/wp\/v2\/types\/product"}],"replies":[{"embeddable":true,"href":"https:\/\/norrakershandel.se\/en\/wp-json\/wp\/v2\/comments?post=2013"}],"version-history":[{"count":0,"href":"https:\/\/norrakershandel.se\/en\/wp-json\/wp\/v2\/product\/2013\/revisions"}],"wp:featuredmedia":[{"embeddable":true,"href":"https:\/\/norrakershandel.se\/en\/wp-json\/wp\/v2\/media\/2015"}],"wp:attachment":[{"href":"https:\/\/norrakershandel.se\/en\/wp-json\/wp\/v2\/media?parent=2013"}],"wp:term":[{"taxonomy":"product_brand","embeddable":true,"href":"https:\/\/norrakershandel.se\/en\/wp-json\/wp\/v2\/product_brand?post=2013"},{"taxonomy":"product_cat","embeddable":true,"href":"https:\/\/norrakershandel.se\/en\/wp-json\/wp\/v2\/product_cat?post=2013"},{"taxonomy":"product_tag","embeddable":true,"href":"https:\/\/norrakershandel.se\/en\/wp-json\/wp\/v2\/product_tag?post=2013"}],"curies":[{"name":"wp","href":"https:\/\/api.w.org\/{rel}","templated":true}]}}