{"id":2016,"date":"2019-10-09T00:16:32","date_gmt":"2019-10-08T22:16:32","guid":{"rendered":"https:\/\/norrakershandel.se\/?post_type=product&#038;p=2016"},"modified":"2024-12-02T08:55:46","modified_gmt":"2024-12-02T07:55:46","slug":"plastkasa","status":"publish","type":"product","link":"https:\/\/norrakershandel.se\/en\/product\/plastkasa\/","title":{"rendered":"Plastk\u00e5sa"},"content":{"rendered":"<div class=\"\">\n<div class=\"\">\n<div class=\"\">\n<div class=\"\">Helt vanlig k\u00e5sa i rej\u00e4l plast med tryck Norr\u00e5ker.<\/div>\n<div class=\"\"><\/div>\n<div class=\"\">Rymmer 35 cl.<\/div>\n<div class=\"\"><\/div>\n<div class=\"\">V\u00e4lj mellan lila, svart, rosa, gr\u00f6n och bl\u00e5.<\/div>\n<\/div>\n<div class=\"\"><\/div>\n<\/div>\n<\/div>\n<div class=\"\"><\/div>\n<div class=\"\"><\/div>","protected":false},"excerpt":{"rendered":"<p>Helt vanlig k\u00e5sa i rej\u00e4l plast med tryck Norr\u00e5ker.<\/p>","protected":false},"featured_media":2018,"comment_status":"open","ping_status":"closed","template":"","meta":[],"product_brand":[],"product_cat":[33,30,29],"product_tag":[],"class_list":{"0":"post-2016","1":"product","2":"type-product","3":"status-publish","4":"has-post-thumbnail","6":"product_cat-allt-for-hemmet","7":"product_cat-souvenirer","8":"product_cat-uteliv","10":"first","11":"instock","12":"taxable","13":"shipping-taxable","14":"purchasable","15":"product-type-variable"},"_links":{"self":[{"href":"https:\/\/norrakershandel.se\/en\/wp-json\/wp\/v2\/product\/2016","targetHints":{"allow":["GET"]}}],"collection":[{"href":"https:\/\/norrakershandel.se\/en\/wp-json\/wp\/v2\/product"}],"about":[{"href":"https:\/\/norrakershandel.se\/en\/wp-json\/wp\/v2\/types\/product"}],"replies":[{"embeddable":true,"href":"https:\/\/norrakershandel.se\/en\/wp-json\/wp\/v2\/comments?post=2016"}],"version-history":[{"count":1,"href":"https:\/\/norrakershandel.se\/en\/wp-json\/wp\/v2\/product\/2016\/revisions"}],"predecessor-version":[{"id":11526,"href":"https:\/\/norrakershandel.se\/en\/wp-json\/wp\/v2\/product\/2016\/revisions\/11526"}],"wp:featuredmedia":[{"embeddable":true,"href":"https:\/\/norrakershandel.se\/en\/wp-json\/wp\/v2\/media\/2018"}],"wp:attachment":[{"href":"https:\/\/norrakershandel.se\/en\/wp-json\/wp\/v2\/media?parent=2016"}],"wp:term":[{"taxonomy":"product_brand","embeddable":true,"href":"https:\/\/norrakershandel.se\/en\/wp-json\/wp\/v2\/product_brand?post=2016"},{"taxonomy":"product_cat","embeddable":true,"href":"https:\/\/norrakershandel.se\/en\/wp-json\/wp\/v2\/product_cat?post=2016"},{"taxonomy":"product_tag","embeddable":true,"href":"https:\/\/norrakershandel.se\/en\/wp-json\/wp\/v2\/product_tag?post=2016"}],"curies":[{"name":"wp","href":"https:\/\/api.w.org\/{rel}","templated":true}]}}