{"id":2274,"date":"2019-10-18T22:41:48","date_gmt":"2019-10-18T20:41:48","guid":{"rendered":"https:\/\/norrakershandel.se\/?post_type=product&#038;p=2274"},"modified":"2024-12-02T08:55:32","modified_gmt":"2024-12-02T07:55:32","slug":"kuddfodralet","status":"publish","type":"product","link":"https:\/\/norrakershandel.se\/en\/product\/kuddfodralet\/","title":{"rendered":"Kuddfodralet"},"content":{"rendered":"<div class=\"\">\n<div class=\"\">\n<div class=\"\">\n<div class=\"\">\n<p>Kuddfodral i linne<\/p>\n<div class=\"\">Kuddfodral i rej\u00e4lt linnetyg med texiltryck Norr\u00e5ker och koordinaterna f\u00f6r Norr\u00e5ker. \u00a050&#215;60 cm.<\/div>\n<div><\/div>\n<p>Kuddfodralet finns i flera f\u00e4rger, v\u00e4l mellan<\/p>\n<\/div>\n<\/div>\n<div class=\"\"><\/div>\n<\/div>\n<\/div>\n<div class=\"\">\n<div class=\"\">Natur ( f\u00f6rsta bilden )<\/div>\n<div class=\"\">Gr\u00e5<\/div>\n<div class=\"\">R\u00f6d<\/div>\n<div class=\"\">Ljusgr\u00e5<\/div>\n<div class=\"\">Marinbl\u00e5<\/div>\n<\/div>\n<div class=\"\"><\/div>","protected":false},"excerpt":{"rendered":"<p>Kuddfodral i rej\u00e4lt linnetyg med texiltryck Norr\u00e5ker<\/p>","protected":false},"featured_media":2010,"comment_status":"open","ping_status":"closed","template":"","meta":[],"product_brand":[],"product_cat":[33,30],"product_tag":[],"class_list":{"0":"post-2274","1":"product","2":"type-product","3":"status-publish","4":"has-post-thumbnail","6":"product_cat-allt-for-hemmet","7":"product_cat-souvenirer","9":"first","10":"instock","11":"taxable","12":"shipping-taxable","13":"purchasable","14":"product-type-variable"},"_links":{"self":[{"href":"https:\/\/norrakershandel.se\/en\/wp-json\/wp\/v2\/product\/2274","targetHints":{"allow":["GET"]}}],"collection":[{"href":"https:\/\/norrakershandel.se\/en\/wp-json\/wp\/v2\/product"}],"about":[{"href":"https:\/\/norrakershandel.se\/en\/wp-json\/wp\/v2\/types\/product"}],"replies":[{"embeddable":true,"href":"https:\/\/norrakershandel.se\/en\/wp-json\/wp\/v2\/comments?post=2274"}],"version-history":[{"count":1,"href":"https:\/\/norrakershandel.se\/en\/wp-json\/wp\/v2\/product\/2274\/revisions"}],"predecessor-version":[{"id":11525,"href":"https:\/\/norrakershandel.se\/en\/wp-json\/wp\/v2\/product\/2274\/revisions\/11525"}],"wp:featuredmedia":[{"embeddable":true,"href":"https:\/\/norrakershandel.se\/en\/wp-json\/wp\/v2\/media\/2010"}],"wp:attachment":[{"href":"https:\/\/norrakershandel.se\/en\/wp-json\/wp\/v2\/media?parent=2274"}],"wp:term":[{"taxonomy":"product_brand","embeddable":true,"href":"https:\/\/norrakershandel.se\/en\/wp-json\/wp\/v2\/product_brand?post=2274"},{"taxonomy":"product_cat","embeddable":true,"href":"https:\/\/norrakershandel.se\/en\/wp-json\/wp\/v2\/product_cat?post=2274"},{"taxonomy":"product_tag","embeddable":true,"href":"https:\/\/norrakershandel.se\/en\/wp-json\/wp\/v2\/product_tag?post=2274"}],"curies":[{"name":"wp","href":"https:\/\/api.w.org\/{rel}","templated":true}]}}