{"id":2376,"date":"2019-10-21T16:46:39","date_gmt":"2019-10-21T14:46:39","guid":{"rendered":"https:\/\/norrakershandel.se\/?post_type=product&#038;p=2376"},"modified":"2025-10-11T12:02:10","modified_gmt":"2025-10-11T10:02:10","slug":"ostlada","status":"publish","type":"product","link":"https:\/\/norrakershandel.se\/en\/product\/ostlada\/","title":{"rendered":"Cheese box"},"content":{"rendered":"<p>Pris fr\u00e5n 350 kr.<\/p>\n<ul>\n<li class=\"\">Cheese box SEK 395 contains 5-6 cheeses.<\/li>\n<li class=\"\">Ostl\u00e5da 550 kr inneh\u00e5ller 5-6 ostar, kex och marmelad.<\/li>\n<li class=\"\">Ostl\u00e5da 695 kr inneh\u00e5ller ca 8 ostar, kex och marmelad.<\/li>\n<li class=\"\">Ostl\u00e5da 1000 kr inneh\u00e5ller ca 10 ostar, 2 marmelader, salami och kex.<\/li>\n<\/ul>\n<p><span style=\"color: #000000;\"><span class=\"\"><strong>Ostl\u00e5dan h\u00e4mtas i butiken<\/strong> men vill du ha den levererad s\u00e5 f\u00f6rs\u00f6ker vi s\u00e5klart l\u00f6sa det. Om du vill ha den levererad s\u00e5 ring eller maila oss.<\/span><\/span><\/p>\n<p><span style=\"color: #000000;\"><span class=\"\">Best\u00e4ll h\u00e4r eller ring. Tel nr <a href=\"tel:0671 30002\">0671 30002<\/a>.<\/span><\/span><\/p>\n<p>&nbsp;<\/p>","protected":false},"excerpt":{"rendered":"<p>&nbsp;<\/p>\n<p><span class=\"\" style=\"color: #000000;\">The perfect present or Christmas gift! <\/span><\/p>\n<p><span class=\"\" style=\"color: #000000;\">V\u00e5ra ostl\u00e5dor \u00e4r popul\u00e4ra och finns i flera varianter. <\/span><\/p>\n<p><span class=\"\" style=\"color: #000000;\">Du kan sj\u00e4lv v\u00e4lja inneh\u00e5ll om du vill eller s\u00e5 plockar vi ihop en god blandning till dig.<\/span><\/p>\n<p>&nbsp;<\/p>","protected":false},"featured_media":10779,"comment_status":"open","ping_status":"closed","template":"","meta":[],"product_brand":[],"product_cat":[23,36],"product_tag":[35],"class_list":{"0":"post-2376","1":"product","2":"type-product","3":"status-publish","4":"has-post-thumbnail","6":"product_cat-livsmedel","7":"product_cat-presenttips","8":"product_tag-cheese-box","10":"first","11":"instock","12":"taxable","13":"shipping-taxable","14":"purchasable","15":"product-type-variable"},"_links":{"self":[{"href":"https:\/\/norrakershandel.se\/en\/wp-json\/wp\/v2\/product\/2376","targetHints":{"allow":["GET"]}}],"collection":[{"href":"https:\/\/norrakershandel.se\/en\/wp-json\/wp\/v2\/product"}],"about":[{"href":"https:\/\/norrakershandel.se\/en\/wp-json\/wp\/v2\/types\/product"}],"replies":[{"embeddable":true,"href":"https:\/\/norrakershandel.se\/en\/wp-json\/wp\/v2\/comments?post=2376"}],"version-history":[{"count":2,"href":"https:\/\/norrakershandel.se\/en\/wp-json\/wp\/v2\/product\/2376\/revisions"}],"predecessor-version":[{"id":11453,"href":"https:\/\/norrakershandel.se\/en\/wp-json\/wp\/v2\/product\/2376\/revisions\/11453"}],"wp:featuredmedia":[{"embeddable":true,"href":"https:\/\/norrakershandel.se\/en\/wp-json\/wp\/v2\/media\/10779"}],"wp:attachment":[{"href":"https:\/\/norrakershandel.se\/en\/wp-json\/wp\/v2\/media?parent=2376"}],"wp:term":[{"taxonomy":"product_brand","embeddable":true,"href":"https:\/\/norrakershandel.se\/en\/wp-json\/wp\/v2\/product_brand?post=2376"},{"taxonomy":"product_cat","embeddable":true,"href":"https:\/\/norrakershandel.se\/en\/wp-json\/wp\/v2\/product_cat?post=2376"},{"taxonomy":"product_tag","embeddable":true,"href":"https:\/\/norrakershandel.se\/en\/wp-json\/wp\/v2\/product_tag?post=2376"}],"curies":[{"name":"wp","href":"https:\/\/api.w.org\/{rel}","templated":true}]}}