{"id":2809,"date":"2019-11-07T01:44:48","date_gmt":"2019-11-07T00:44:48","guid":{"rendered":"https:\/\/norrakershandel.se\/?post_type=product&#038;p=2809"},"modified":"2024-12-02T09:06:19","modified_gmt":"2024-12-02T08:06:19","slug":"halsband-med-djursmycke-i-tra","status":"publish","type":"product","link":"https:\/\/norrakershandel.se\/en\/product\/halsband-med-djursmycke-i-tra\/","title":{"rendered":"Halsband med djursmycke i tr\u00e4"},"content":{"rendered":"<div class=\"\">\n<div class=\"\">\n<p>Halsband<\/p>\n<div class=\"\">Halsband med djursmycke i tr\u00e4. Bandet \u00e4r ett svart gummiband ( 48 cm ) och berlocken \u00e4r i masur. Finns i de fina sm\u00e5 djurmotiven \u00e4lg, bj\u00f6rn, r\u00e4v och ripa.<\/div>\n<div class=\"\"><\/div>\n<\/div>\n<\/div>\n<div class=\"\">\n<div class=\"\">V\u00e4lj mellan: \u00c4lg | R\u00e4v | Ripa | Bj\u00f6rn<\/div>\n<div class=\"\"><\/div>\n<div class=\"\">Pris 150 kr<\/div>\n<\/div>\n<div class=\"\"><\/div>","protected":false},"excerpt":{"rendered":"<p>Halsband med djursmycke i tr\u00e4 &amp; bandet \u00e4r ett svart gummiband.<\/p>","protected":false},"featured_media":2810,"comment_status":"open","ping_status":"closed","template":"","meta":[],"product_brand":[],"product_cat":[31,36,30],"product_tag":[],"class_list":{"0":"post-2809","1":"product","2":"type-product","3":"status-publish","4":"has-post-thumbnail","6":"product_cat-klader-och-smycken","7":"product_cat-presenttips","8":"product_cat-souvenirer","10":"first","11":"instock","12":"taxable","13":"shipping-taxable","14":"purchasable","15":"product-type-variable"},"_links":{"self":[{"href":"https:\/\/norrakershandel.se\/en\/wp-json\/wp\/v2\/product\/2809","targetHints":{"allow":["GET"]}}],"collection":[{"href":"https:\/\/norrakershandel.se\/en\/wp-json\/wp\/v2\/product"}],"about":[{"href":"https:\/\/norrakershandel.se\/en\/wp-json\/wp\/v2\/types\/product"}],"replies":[{"embeddable":true,"href":"https:\/\/norrakershandel.se\/en\/wp-json\/wp\/v2\/comments?post=2809"}],"version-history":[{"count":2,"href":"https:\/\/norrakershandel.se\/en\/wp-json\/wp\/v2\/product\/2809\/revisions"}],"predecessor-version":[{"id":11530,"href":"https:\/\/norrakershandel.se\/en\/wp-json\/wp\/v2\/product\/2809\/revisions\/11530"}],"wp:featuredmedia":[{"embeddable":true,"href":"https:\/\/norrakershandel.se\/en\/wp-json\/wp\/v2\/media\/2810"}],"wp:attachment":[{"href":"https:\/\/norrakershandel.se\/en\/wp-json\/wp\/v2\/media?parent=2809"}],"wp:term":[{"taxonomy":"product_brand","embeddable":true,"href":"https:\/\/norrakershandel.se\/en\/wp-json\/wp\/v2\/product_brand?post=2809"},{"taxonomy":"product_cat","embeddable":true,"href":"https:\/\/norrakershandel.se\/en\/wp-json\/wp\/v2\/product_cat?post=2809"},{"taxonomy":"product_tag","embeddable":true,"href":"https:\/\/norrakershandel.se\/en\/wp-json\/wp\/v2\/product_tag?post=2809"}],"curies":[{"name":"wp","href":"https:\/\/api.w.org\/{rel}","templated":true}]}}