{"id":3346,"date":"2019-11-26T19:06:25","date_gmt":"2019-11-26T18:06:25","guid":{"rendered":"https:\/\/norrakershandel.se\/?post_type=product&#038;p=3346"},"modified":"2025-11-24T11:54:30","modified_gmt":"2025-11-24T10:54:30","slug":"norrakers-almanacka-2026","status":"publish","type":"product","link":"https:\/\/norrakershandel.se\/en\/product\/norrakers-almanacka-2026\/","title":{"rendered":"Norr\u00e5kers Almanacka"},"content":{"rendered":"<div class=\"\">\n<div class=\"\">\n<div class=\"\">\n<div class=\"\">\n<div class=\"\">Almanacka f\u00f6r 2026 med bilder fr\u00e5n Norr\u00e5ker med omnejd. Du h\u00e5ller ocks\u00e5 koll p\u00e5 vad som h\u00e4nder i byn d\u00e5 byns evenemang \u00e4r utsatta i almanackan, s\u00e5 du inte ska missa n\u00e5got!<\/div>\n<\/div>\n<\/div>\n<\/div>\n<\/div>\n<div class=\"\"><\/div>","protected":false},"excerpt":{"rendered":"<p>Almanacka f\u00f6r 2024 med bilder fr\u00e5n Norr\u00e5ker med omnejd.<\/p>","protected":false},"featured_media":12195,"comment_status":"open","ping_status":"closed","template":"","meta":[],"product_brand":[],"product_cat":[33,36,30],"product_tag":[],"class_list":{"0":"post-3346","1":"product","2":"type-product","3":"status-publish","4":"has-post-thumbnail","6":"product_cat-allt-for-hemmet","7":"product_cat-presenttips","8":"product_cat-souvenirer","10":"first","11":"instock","12":"taxable","13":"shipping-taxable","14":"purchasable","15":"product-type-simple"},"_links":{"self":[{"href":"https:\/\/norrakershandel.se\/en\/wp-json\/wp\/v2\/product\/3346","targetHints":{"allow":["GET"]}}],"collection":[{"href":"https:\/\/norrakershandel.se\/en\/wp-json\/wp\/v2\/product"}],"about":[{"href":"https:\/\/norrakershandel.se\/en\/wp-json\/wp\/v2\/types\/product"}],"replies":[{"embeddable":true,"href":"https:\/\/norrakershandel.se\/en\/wp-json\/wp\/v2\/comments?post=3346"}],"version-history":[{"count":2,"href":"https:\/\/norrakershandel.se\/en\/wp-json\/wp\/v2\/product\/3346\/revisions"}],"predecessor-version":[{"id":12197,"href":"https:\/\/norrakershandel.se\/en\/wp-json\/wp\/v2\/product\/3346\/revisions\/12197"}],"wp:featuredmedia":[{"embeddable":true,"href":"https:\/\/norrakershandel.se\/en\/wp-json\/wp\/v2\/media\/12195"}],"wp:attachment":[{"href":"https:\/\/norrakershandel.se\/en\/wp-json\/wp\/v2\/media?parent=3346"}],"wp:term":[{"taxonomy":"product_brand","embeddable":true,"href":"https:\/\/norrakershandel.se\/en\/wp-json\/wp\/v2\/product_brand?post=3346"},{"taxonomy":"product_cat","embeddable":true,"href":"https:\/\/norrakershandel.se\/en\/wp-json\/wp\/v2\/product_cat?post=3346"},{"taxonomy":"product_tag","embeddable":true,"href":"https:\/\/norrakershandel.se\/en\/wp-json\/wp\/v2\/product_tag?post=3346"}],"curies":[{"name":"wp","href":"https:\/\/api.w.org\/{rel}","templated":true}]}}