{"id":4629,"date":"2020-01-15T01:52:29","date_gmt":"2020-01-15T00:52:29","guid":{"rendered":"https:\/\/norrakershandel.se\/?post_type=product&#038;p=4629"},"modified":"2024-12-02T08:57:16","modified_gmt":"2024-12-02T07:57:16","slug":"naturlig-deo","status":"publish","type":"product","link":"https:\/\/norrakershandel.se\/en\/product\/naturlig-deo\/","title":{"rendered":"Naturlig Deo"},"content":{"rendered":"<div class=\"\">\n<div class=\"\">\n<div class=\"\">Ekologisk deodorant med mild doft av grapefrukt eller kokos. Handgjord i V\u00e4sterbottniska Norsj\u00f6 av naturliga utvalda ingredienser. Dessutom superbra! Absorberar fukt effektivt och eliminerar all svettlukt. H\u00e5ller dig fr\u00e4sch med ett schysst inneh\u00e5ll.<\/div>\n<div class=\"\"><\/div>\n<div class=\"\">Grapefrukt Deo \u00e4r korad till b\u00e4sta deodorant!<\/div>\n<div class=\"\"><\/div>\n<div class=\"\">V\u00e4lj mellan doft av kokos eller doft av grapefrukt<\/div>\n<div class=\"\"><\/div>\n<div class=\"\">60 ml<\/div>\n<\/div>\n<\/div>","protected":false},"excerpt":{"rendered":"<p>Ekologisk deodorant med mild doft av grapefrukt eller kokos.<\/p>","protected":false},"featured_media":4630,"comment_status":"open","ping_status":"closed","template":"","meta":[],"product_brand":[],"product_cat":[23,36,30],"product_tag":[],"class_list":{"0":"post-4629","1":"product","2":"type-product","3":"status-publish","4":"has-post-thumbnail","6":"product_cat-livsmedel","7":"product_cat-presenttips","8":"product_cat-souvenirer","10":"first","11":"instock","12":"taxable","13":"shipping-taxable","14":"purchasable","15":"product-type-variable"},"_links":{"self":[{"href":"https:\/\/norrakershandel.se\/en\/wp-json\/wp\/v2\/product\/4629","targetHints":{"allow":["GET"]}}],"collection":[{"href":"https:\/\/norrakershandel.se\/en\/wp-json\/wp\/v2\/product"}],"about":[{"href":"https:\/\/norrakershandel.se\/en\/wp-json\/wp\/v2\/types\/product"}],"replies":[{"embeddable":true,"href":"https:\/\/norrakershandel.se\/en\/wp-json\/wp\/v2\/comments?post=4629"}],"version-history":[{"count":1,"href":"https:\/\/norrakershandel.se\/en\/wp-json\/wp\/v2\/product\/4629\/revisions"}],"predecessor-version":[{"id":11527,"href":"https:\/\/norrakershandel.se\/en\/wp-json\/wp\/v2\/product\/4629\/revisions\/11527"}],"wp:featuredmedia":[{"embeddable":true,"href":"https:\/\/norrakershandel.se\/en\/wp-json\/wp\/v2\/media\/4630"}],"wp:attachment":[{"href":"https:\/\/norrakershandel.se\/en\/wp-json\/wp\/v2\/media?parent=4629"}],"wp:term":[{"taxonomy":"product_brand","embeddable":true,"href":"https:\/\/norrakershandel.se\/en\/wp-json\/wp\/v2\/product_brand?post=4629"},{"taxonomy":"product_cat","embeddable":true,"href":"https:\/\/norrakershandel.se\/en\/wp-json\/wp\/v2\/product_cat?post=4629"},{"taxonomy":"product_tag","embeddable":true,"href":"https:\/\/norrakershandel.se\/en\/wp-json\/wp\/v2\/product_tag?post=4629"}],"curies":[{"name":"wp","href":"https:\/\/api.w.org\/{rel}","templated":true}]}}