{"id":559,"date":"2019-04-22T10:52:45","date_gmt":"2019-04-22T08:52:45","guid":{"rendered":"https:\/\/norrakershandel.se\/?post_type=product&#038;p=559"},"modified":"2024-12-02T09:09:01","modified_gmt":"2024-12-02T08:09:01","slug":"nyckelring-tra","status":"publish","type":"product","link":"https:\/\/norrakershandel.se\/en\/product\/nyckelring-tra\/","title":{"rendered":"Nyckelring tr\u00e4"},"content":{"rendered":"<p>Nyckelring med \u00e4lg, ren , bj\u00f6rn eller ripa i tr\u00e4 med band av skinn. Tillverkad i Norrbotten av Kero. Superfina!<\/p>","protected":false},"excerpt":{"rendered":"<p>Nyckelring med \u00e4lg, ren , bj\u00f6rn eller ripa i tr\u00e4 med band av skinn.<\/p>","protected":false},"featured_media":2028,"comment_status":"open","ping_status":"closed","template":"","meta":[],"product_brand":[],"product_cat":[36,30],"product_tag":[],"class_list":{"0":"post-559","1":"product","2":"type-product","3":"status-publish","4":"has-post-thumbnail","6":"product_cat-presenttips","7":"product_cat-souvenirer","9":"first","10":"instock","11":"taxable","12":"shipping-taxable","13":"purchasable","14":"product-type-variable"},"_links":{"self":[{"href":"https:\/\/norrakershandel.se\/en\/wp-json\/wp\/v2\/product\/559","targetHints":{"allow":["GET"]}}],"collection":[{"href":"https:\/\/norrakershandel.se\/en\/wp-json\/wp\/v2\/product"}],"about":[{"href":"https:\/\/norrakershandel.se\/en\/wp-json\/wp\/v2\/types\/product"}],"replies":[{"embeddable":true,"href":"https:\/\/norrakershandel.se\/en\/wp-json\/wp\/v2\/comments?post=559"}],"version-history":[{"count":2,"href":"https:\/\/norrakershandel.se\/en\/wp-json\/wp\/v2\/product\/559\/revisions"}],"predecessor-version":[{"id":11535,"href":"https:\/\/norrakershandel.se\/en\/wp-json\/wp\/v2\/product\/559\/revisions\/11535"}],"wp:featuredmedia":[{"embeddable":true,"href":"https:\/\/norrakershandel.se\/en\/wp-json\/wp\/v2\/media\/2028"}],"wp:attachment":[{"href":"https:\/\/norrakershandel.se\/en\/wp-json\/wp\/v2\/media?parent=559"}],"wp:term":[{"taxonomy":"product_brand","embeddable":true,"href":"https:\/\/norrakershandel.se\/en\/wp-json\/wp\/v2\/product_brand?post=559"},{"taxonomy":"product_cat","embeddable":true,"href":"https:\/\/norrakershandel.se\/en\/wp-json\/wp\/v2\/product_cat?post=559"},{"taxonomy":"product_tag","embeddable":true,"href":"https:\/\/norrakershandel.se\/en\/wp-json\/wp\/v2\/product_tag?post=559"}],"curies":[{"name":"wp","href":"https:\/\/api.w.org\/{rel}","templated":true}]}}