{"id":561,"date":"2019-04-22T10:55:23","date_gmt":"2019-04-22T08:55:23","guid":{"rendered":"https:\/\/norrakershandel.se\/?post_type=product&#038;p=561"},"modified":"2024-12-02T09:08:49","modified_gmt":"2024-12-02T08:08:49","slug":"grytlapp","status":"publish","type":"product","link":"https:\/\/norrakershandel.se\/en\/product\/grytlapp\/","title":{"rendered":"Grytlapp"},"content":{"rendered":"<p>Grytlapp tillverkad i Sverige av ekologiskt garvat l\u00e4der fr\u00e5n T\u00e4rnsj\u00f6 garveri.<\/p>\n<div class=\"\">V\u00e4lj mellan:<\/div>\n<div class=\"\">Ripa natur<\/div>\n<div class=\"\">\u00c4lg gr\u00e5<\/div>\n<div class=\"\">Ren natur<\/div>\n<div class=\"\">Renhorn brun<\/div>","protected":false},"excerpt":{"rendered":"<p>Grytlapp tillverkad i Sverige av ekologiskt garvat l\u00e4der fr\u00e5n T\u00e4rnsj\u00f6 garveri.<\/p>","protected":false},"featured_media":562,"comment_status":"open","ping_status":"closed","template":"","meta":[],"product_brand":[],"product_cat":[33,36,30],"product_tag":[],"class_list":{"0":"post-561","1":"product","2":"type-product","3":"status-publish","4":"has-post-thumbnail","6":"product_cat-allt-for-hemmet","7":"product_cat-presenttips","8":"product_cat-souvenirer","10":"first","11":"instock","12":"taxable","13":"shipping-taxable","14":"purchasable","15":"product-type-variable"},"_links":{"self":[{"href":"https:\/\/norrakershandel.se\/en\/wp-json\/wp\/v2\/product\/561","targetHints":{"allow":["GET"]}}],"collection":[{"href":"https:\/\/norrakershandel.se\/en\/wp-json\/wp\/v2\/product"}],"about":[{"href":"https:\/\/norrakershandel.se\/en\/wp-json\/wp\/v2\/types\/product"}],"replies":[{"embeddable":true,"href":"https:\/\/norrakershandel.se\/en\/wp-json\/wp\/v2\/comments?post=561"}],"version-history":[{"count":1,"href":"https:\/\/norrakershandel.se\/en\/wp-json\/wp\/v2\/product\/561\/revisions"}],"predecessor-version":[{"id":11534,"href":"https:\/\/norrakershandel.se\/en\/wp-json\/wp\/v2\/product\/561\/revisions\/11534"}],"wp:featuredmedia":[{"embeddable":true,"href":"https:\/\/norrakershandel.se\/en\/wp-json\/wp\/v2\/media\/562"}],"wp:attachment":[{"href":"https:\/\/norrakershandel.se\/en\/wp-json\/wp\/v2\/media?parent=561"}],"wp:term":[{"taxonomy":"product_brand","embeddable":true,"href":"https:\/\/norrakershandel.se\/en\/wp-json\/wp\/v2\/product_brand?post=561"},{"taxonomy":"product_cat","embeddable":true,"href":"https:\/\/norrakershandel.se\/en\/wp-json\/wp\/v2\/product_cat?post=561"},{"taxonomy":"product_tag","embeddable":true,"href":"https:\/\/norrakershandel.se\/en\/wp-json\/wp\/v2\/product_tag?post=561"}],"curies":[{"name":"wp","href":"https:\/\/api.w.org\/{rel}","templated":true}]}}