{"id":585,"date":"2019-04-22T13:41:13","date_gmt":"2019-04-22T11:41:13","guid":{"rendered":"https:\/\/norrakershandel.se\/?post_type=product&#038;p=585"},"modified":"2024-12-06T19:30:26","modified_gmt":"2024-12-06T18:30:26","slug":"varma-ullsockar","status":"publish","type":"product","link":"https:\/\/norrakershandel.se\/en\/product\/varma-ullsockar\/","title":{"rendered":"Varma ullsockor"},"content":{"rendered":"<p>Riktigt varma och h\u00e5llbara sockor i 70% ull, 25 % polyamid och 5 % elastan. Fr\u00e5n \u00d6jbro Vantfabrik.<\/p>\n<p>Tillverkade av \u00d6jbro Vantfabrik som har s\u00e5 stor del som m\u00f6jligt av sin tillverkning i Sverige men \u00e4ven i sm\u00e5 kooperativa fabriker i Portugal och Estland.<\/p>\n<p>\u00c5se designar alla sockor med inspiration fr\u00e5n gammal svensk m\u00f6nstertradition och varje m\u00f6nster \u00e4r unikt och har sin historia.<\/p>\n<p>Storlek Lagom passar \u00e4ven dig som har storlek 37.<\/p>\n<div class=\"\">Fr\u00e5n v\u00e4nster:<\/div>\n<div class=\"\">Ullsocka Scania vit\/ r\u00f6d storlek lagom 38-41<\/div>\n<div class=\"\">Ullsocka K\u00f6ren gr\u00e5 \/ bl\u00e5 \/ vit storlek lagom 38-41<\/div>\n<div class=\"\">Ullsocka Fager \u00a0bl\u00e5 \/ gr\u00f6n storlek lagom 38-41<\/div>\n<div>Ullsockan F\u00e4stfolk brun \/ gr\u00e5 \/ vinr\u00f6d storlek lagom 38-41<\/div>\n<div>Ullsocka Eksh\u00e4rad r\u00f6d \/ vit \/ gr\u00e5 storlek lagom 38-41<\/div>","protected":false},"excerpt":{"rendered":"<p>Underbart vackra och riktigt varma och h\u00e5llbara sockor i 70% ull, 25 % polyamid och 5 % elastan.<\/p>","protected":false},"featured_media":11727,"comment_status":"open","ping_status":"closed","template":"","meta":[],"product_brand":[],"product_cat":[31,36,30,29],"product_tag":[],"class_list":{"0":"post-585","1":"product","2":"type-product","3":"status-publish","4":"has-post-thumbnail","6":"product_cat-klader-och-smycken","7":"product_cat-presenttips","8":"product_cat-souvenirer","9":"product_cat-uteliv","11":"first","12":"instock","13":"taxable","14":"shipping-taxable","15":"purchasable","16":"product-type-variable"},"_links":{"self":[{"href":"https:\/\/norrakershandel.se\/en\/wp-json\/wp\/v2\/product\/585","targetHints":{"allow":["GET"]}}],"collection":[{"href":"https:\/\/norrakershandel.se\/en\/wp-json\/wp\/v2\/product"}],"about":[{"href":"https:\/\/norrakershandel.se\/en\/wp-json\/wp\/v2\/types\/product"}],"replies":[{"embeddable":true,"href":"https:\/\/norrakershandel.se\/en\/wp-json\/wp\/v2\/comments?post=585"}],"version-history":[{"count":2,"href":"https:\/\/norrakershandel.se\/en\/wp-json\/wp\/v2\/product\/585\/revisions"}],"predecessor-version":[{"id":11733,"href":"https:\/\/norrakershandel.se\/en\/wp-json\/wp\/v2\/product\/585\/revisions\/11733"}],"wp:featuredmedia":[{"embeddable":true,"href":"https:\/\/norrakershandel.se\/en\/wp-json\/wp\/v2\/media\/11727"}],"wp:attachment":[{"href":"https:\/\/norrakershandel.se\/en\/wp-json\/wp\/v2\/media?parent=585"}],"wp:term":[{"taxonomy":"product_brand","embeddable":true,"href":"https:\/\/norrakershandel.se\/en\/wp-json\/wp\/v2\/product_brand?post=585"},{"taxonomy":"product_cat","embeddable":true,"href":"https:\/\/norrakershandel.se\/en\/wp-json\/wp\/v2\/product_cat?post=585"},{"taxonomy":"product_tag","embeddable":true,"href":"https:\/\/norrakershandel.se\/en\/wp-json\/wp\/v2\/product_tag?post=585"}],"curies":[{"name":"wp","href":"https:\/\/api.w.org\/{rel}","templated":true}]}}