{"id":589,"date":"2019-04-22T13:46:10","date_gmt":"2019-04-22T11:46:10","guid":{"rendered":"https:\/\/norrakershandel.se\/?post_type=product&#038;p=589"},"modified":"2022-11-09T12:18:44","modified_gmt":"2022-11-09T11:18:44","slug":"mugg-och-skal-alg","status":"publish","type":"product","link":"https:\/\/norrakershandel.se\/en\/product\/mugg-och-skal-alg\/","title":{"rendered":"Sk\u00e5l och fat \u00e4lg"},"content":{"rendered":"<p>Sk\u00e5l och fat i porslin med \u00e4lgmotiv. fat 16 cm. Sk\u00e5l 12 x 5 cm. T\u00e5l maskindisk. Design Anna Victoria i \u00d6stersund.<\/p>","protected":false},"excerpt":{"rendered":"<p>Sk\u00e5l och fat i porslin med \u00e4lgmotiv. Fat 16 cm.. Sk\u00e5l 12 x 5 cm. T\u00e5l maskindisk. Design Anna Victoria i \u00d6stersund.<\/p>","protected":false},"featured_media":2303,"comment_status":"open","ping_status":"closed","template":"","meta":[],"product_brand":[],"product_cat":[33],"product_tag":[],"class_list":{"0":"post-589","1":"product","2":"type-product","3":"status-publish","4":"has-post-thumbnail","6":"product_cat-allt-for-hemmet","8":"first","9":"instock","10":"taxable","11":"shipping-taxable","12":"purchasable","13":"product-type-variable"},"_links":{"self":[{"href":"https:\/\/norrakershandel.se\/en\/wp-json\/wp\/v2\/product\/589","targetHints":{"allow":["GET"]}}],"collection":[{"href":"https:\/\/norrakershandel.se\/en\/wp-json\/wp\/v2\/product"}],"about":[{"href":"https:\/\/norrakershandel.se\/en\/wp-json\/wp\/v2\/types\/product"}],"replies":[{"embeddable":true,"href":"https:\/\/norrakershandel.se\/en\/wp-json\/wp\/v2\/comments?post=589"}],"version-history":[{"count":0,"href":"https:\/\/norrakershandel.se\/en\/wp-json\/wp\/v2\/product\/589\/revisions"}],"wp:featuredmedia":[{"embeddable":true,"href":"https:\/\/norrakershandel.se\/en\/wp-json\/wp\/v2\/media\/2303"}],"wp:attachment":[{"href":"https:\/\/norrakershandel.se\/en\/wp-json\/wp\/v2\/media?parent=589"}],"wp:term":[{"taxonomy":"product_brand","embeddable":true,"href":"https:\/\/norrakershandel.se\/en\/wp-json\/wp\/v2\/product_brand?post=589"},{"taxonomy":"product_cat","embeddable":true,"href":"https:\/\/norrakershandel.se\/en\/wp-json\/wp\/v2\/product_cat?post=589"},{"taxonomy":"product_tag","embeddable":true,"href":"https:\/\/norrakershandel.se\/en\/wp-json\/wp\/v2\/product_tag?post=589"}],"curies":[{"name":"wp","href":"https:\/\/api.w.org\/{rel}","templated":true}]}}