{"id":605,"date":"2019-04-22T13:57:01","date_gmt":"2019-04-22T11:57:01","guid":{"rendered":"https:\/\/norrakershandel.se\/?post_type=product&#038;p=605"},"modified":"2024-12-02T08:51:44","modified_gmt":"2024-12-02T07:51:44","slug":"presentkort","status":"publish","type":"product","link":"https:\/\/norrakershandel.se\/en\/product\/presentkort\/","title":{"rendered":"Presentkort"},"content":{"rendered":"<p>Presentkort med v\u00e4rde 100, 500 och 1000 kr. Presentkortet kan anv\u00e4ndas i butiken eller till v\u00e5ra boenden och aktiviteter. Presentkortet r\u00e4cker ett \u00e5r fr\u00e5n det datum det k\u00f6ps.<\/p>","protected":false},"excerpt":{"rendered":"<p>Presentkort med v\u00e4rde fr\u00e5n 100, 500 och 1000 kr. Presentkortet kan anv\u00e4ndas i butiken eller till v\u00e5ra boenden och aktiviteter. Presentkortet r\u00e4cker ett \u00e5r fr\u00e5n det datum det k\u00f6ps.<\/p>","protected":false},"featured_media":885,"comment_status":"open","ping_status":"closed","template":"","meta":[],"product_brand":[],"product_cat":[36,30],"product_tag":[],"class_list":{"0":"post-605","1":"product","2":"type-product","3":"status-publish","4":"has-post-thumbnail","6":"product_cat-presenttips","7":"product_cat-souvenirer","9":"first","10":"instock","11":"taxable","12":"shipping-taxable","13":"purchasable","14":"product-type-variable"},"_links":{"self":[{"href":"https:\/\/norrakershandel.se\/en\/wp-json\/wp\/v2\/product\/605","targetHints":{"allow":["GET"]}}],"collection":[{"href":"https:\/\/norrakershandel.se\/en\/wp-json\/wp\/v2\/product"}],"about":[{"href":"https:\/\/norrakershandel.se\/en\/wp-json\/wp\/v2\/types\/product"}],"replies":[{"embeddable":true,"href":"https:\/\/norrakershandel.se\/en\/wp-json\/wp\/v2\/comments?post=605"}],"version-history":[{"count":1,"href":"https:\/\/norrakershandel.se\/en\/wp-json\/wp\/v2\/product\/605\/revisions"}],"predecessor-version":[{"id":11521,"href":"https:\/\/norrakershandel.se\/en\/wp-json\/wp\/v2\/product\/605\/revisions\/11521"}],"wp:featuredmedia":[{"embeddable":true,"href":"https:\/\/norrakershandel.se\/en\/wp-json\/wp\/v2\/media\/885"}],"wp:attachment":[{"href":"https:\/\/norrakershandel.se\/en\/wp-json\/wp\/v2\/media?parent=605"}],"wp:term":[{"taxonomy":"product_brand","embeddable":true,"href":"https:\/\/norrakershandel.se\/en\/wp-json\/wp\/v2\/product_brand?post=605"},{"taxonomy":"product_cat","embeddable":true,"href":"https:\/\/norrakershandel.se\/en\/wp-json\/wp\/v2\/product_cat?post=605"},{"taxonomy":"product_tag","embeddable":true,"href":"https:\/\/norrakershandel.se\/en\/wp-json\/wp\/v2\/product_tag?post=605"}],"curies":[{"name":"wp","href":"https:\/\/api.w.org\/{rel}","templated":true}]}}