{"id":6329,"date":"2020-10-03T01:16:00","date_gmt":"2020-10-02T23:16:00","guid":{"rendered":"https:\/\/norrakershandel.se\/?post_type=product&#038;p=6329"},"modified":"2024-11-28T13:43:11","modified_gmt":"2024-11-28T12:43:11","slug":"kasse-norrakers-handel","status":"publish","type":"product","link":"https:\/\/norrakershandel.se\/en\/product\/kasse-norrakers-handel\/","title":{"rendered":"Kasse Norr\u00e5kers Handel"},"content":{"rendered":"<div class=\"\">\n<div class=\"\">\n<div class=\"\">\n<div class=\"\">\n<div class=\"\">Snyggaste shoppingkassen!<\/div>\n<div class=\"\">Skippa plastp\u00e5sarna och b\u00e4r hem maten i denna ist\u00e4llet.<\/div>\n<div class=\"\">Rej\u00e4l kasse i jute med mjuka bomullshandtag. Kan f\u00f6rslutas upptill med kardborre.<\/div>\n<div class=\"\">Storlek 40 x 35 x 20 cm. H\u00f6jd handtag 17 cm.<\/div>\n<\/div>\n<\/div>\n<\/div>\n<\/div>","protected":false},"excerpt":{"rendered":"<div class=\"\">Snyggaste shoppingkassen!<\/div>","protected":false},"featured_media":6331,"comment_status":"open","ping_status":"closed","template":"","meta":[],"product_brand":[],"product_cat":[30],"product_tag":[],"class_list":{"0":"post-6329","1":"product","2":"type-product","3":"status-publish","4":"has-post-thumbnail","6":"product_cat-souvenirer","8":"first","9":"instock","10":"taxable","11":"shipping-taxable","12":"purchasable","13":"product-type-simple"},"_links":{"self":[{"href":"https:\/\/norrakershandel.se\/en\/wp-json\/wp\/v2\/product\/6329","targetHints":{"allow":["GET"]}}],"collection":[{"href":"https:\/\/norrakershandel.se\/en\/wp-json\/wp\/v2\/product"}],"about":[{"href":"https:\/\/norrakershandel.se\/en\/wp-json\/wp\/v2\/types\/product"}],"replies":[{"embeddable":true,"href":"https:\/\/norrakershandel.se\/en\/wp-json\/wp\/v2\/comments?post=6329"}],"version-history":[{"count":0,"href":"https:\/\/norrakershandel.se\/en\/wp-json\/wp\/v2\/product\/6329\/revisions"}],"wp:featuredmedia":[{"embeddable":true,"href":"https:\/\/norrakershandel.se\/en\/wp-json\/wp\/v2\/media\/6331"}],"wp:attachment":[{"href":"https:\/\/norrakershandel.se\/en\/wp-json\/wp\/v2\/media?parent=6329"}],"wp:term":[{"taxonomy":"product_brand","embeddable":true,"href":"https:\/\/norrakershandel.se\/en\/wp-json\/wp\/v2\/product_brand?post=6329"},{"taxonomy":"product_cat","embeddable":true,"href":"https:\/\/norrakershandel.se\/en\/wp-json\/wp\/v2\/product_cat?post=6329"},{"taxonomy":"product_tag","embeddable":true,"href":"https:\/\/norrakershandel.se\/en\/wp-json\/wp\/v2\/product_tag?post=6329"}],"curies":[{"name":"wp","href":"https:\/\/api.w.org\/{rel}","templated":true}]}}