{"id":6396,"date":"2020-11-26T14:39:06","date_gmt":"2020-11-26T13:39:06","guid":{"rendered":"https:\/\/norrakershandel.se\/?post_type=product&#038;p=6396"},"modified":"2024-12-06T18:59:52","modified_gmt":"2024-12-06T17:59:52","slug":"stickade-ullvantar","status":"publish","type":"product","link":"https:\/\/norrakershandel.se\/en\/product\/stickade-ullvantar\/","title":{"rendered":"Stickade ullvantar"},"content":{"rendered":"<p>H\u00e4rligt varma vantar i ull.<\/p>\n<p>Svensk design inspirerad av traditionella m\u00f6nster och d\u00e4r varje vante har sin egen historia.<\/p>\n<p>Vanten \u00e4r mycket v\u00e4lgjord i fyra lager med det yttersta av 100 % merinoull och det innersta ett mjukt v\u00e4rmebindande lager. D\u00e4remellan \u00a0vindavst\u00f6tande lager. Vantarna \u00e4r mycket varma och sk\u00f6na och n\u00e4r du v\u00e4l har ett par vill du inte anv\u00e4nda n\u00e5got annat. Som tur \u00e4r \u00e4r de h\u00e5llbara!<\/p>\n<p>Tillverkade av \u00d6jbro vantfabrik.<\/p>\n<p>Dessa finns i storlek lagom som motsvarar storlek 7-9<\/p>\n<p>V\u00e4lj mellan, fr\u00e5n v\u00e4nster:<\/p>\n<p>Ullvante Scania vit\/ r\u00f6d storlek lagom 650 kr<\/p>\n<p>Ullvante Scania bl\u00e5\/ orange \u00a0storlek lagom 650 kr<\/p>\n<p>Ullvante Fager rosa\/ vinr\u00f6d storlek lagom 650 kr<\/p>\n<p>&nbsp;<\/p>","protected":false},"excerpt":{"rendered":"<p>Vackra, sk\u00f6na och varma ullvantar i olika m\u00f6nster.<\/p>","protected":false},"featured_media":11720,"comment_status":"open","ping_status":"closed","template":"","meta":[],"product_brand":[],"product_cat":[31,36,30,29],"product_tag":[],"class_list":{"0":"post-6396","1":"product","2":"type-product","3":"status-publish","4":"has-post-thumbnail","6":"product_cat-klader-och-smycken","7":"product_cat-presenttips","8":"product_cat-souvenirer","9":"product_cat-uteliv","11":"first","12":"instock","13":"taxable","14":"shipping-taxable","15":"purchasable","16":"product-type-variable"},"_links":{"self":[{"href":"https:\/\/norrakershandel.se\/en\/wp-json\/wp\/v2\/product\/6396","targetHints":{"allow":["GET"]}}],"collection":[{"href":"https:\/\/norrakershandel.se\/en\/wp-json\/wp\/v2\/product"}],"about":[{"href":"https:\/\/norrakershandel.se\/en\/wp-json\/wp\/v2\/types\/product"}],"replies":[{"embeddable":true,"href":"https:\/\/norrakershandel.se\/en\/wp-json\/wp\/v2\/comments?post=6396"}],"version-history":[{"count":2,"href":"https:\/\/norrakershandel.se\/en\/wp-json\/wp\/v2\/product\/6396\/revisions"}],"predecessor-version":[{"id":11725,"href":"https:\/\/norrakershandel.se\/en\/wp-json\/wp\/v2\/product\/6396\/revisions\/11725"}],"wp:featuredmedia":[{"embeddable":true,"href":"https:\/\/norrakershandel.se\/en\/wp-json\/wp\/v2\/media\/11720"}],"wp:attachment":[{"href":"https:\/\/norrakershandel.se\/en\/wp-json\/wp\/v2\/media?parent=6396"}],"wp:term":[{"taxonomy":"product_brand","embeddable":true,"href":"https:\/\/norrakershandel.se\/en\/wp-json\/wp\/v2\/product_brand?post=6396"},{"taxonomy":"product_cat","embeddable":true,"href":"https:\/\/norrakershandel.se\/en\/wp-json\/wp\/v2\/product_cat?post=6396"},{"taxonomy":"product_tag","embeddable":true,"href":"https:\/\/norrakershandel.se\/en\/wp-json\/wp\/v2\/product_tag?post=6396"}],"curies":[{"name":"wp","href":"https:\/\/api.w.org\/{rel}","templated":true}]}}