{"id":732,"date":"2019-05-29T12:45:01","date_gmt":"2019-05-29T10:45:01","guid":{"rendered":"https:\/\/norrakershandel.se\/?post_type=product&#038;p=732"},"modified":"2025-03-28T18:56:25","modified_gmt":"2025-03-28T17:56:25","slug":"kryddmannen-christophe-i-frankrike-blandar","status":"publish","type":"product","link":"https:\/\/norrakershandel.se\/en\/product\/kryddmannen-christophe-i-frankrike-blandar\/","title":{"rendered":"Kryddmannen Christophe i Frankrike blandar"},"content":{"rendered":"<p>Kryddmannen Christophe i Frankrike blandar dessa goda kryddor speciellt f\u00f6r Norr\u00e5kers Handel. De \u00e4r de b\u00e4sta, vi lovar!<\/p>","protected":false},"excerpt":{"rendered":"<p>Kryddmannen Christophe i Frankrike blandar dessa goda kryddor speciellt f\u00f6r Norr\u00e5kers Handel. De \u00e4r de b\u00e4sta, vi lovar!<\/p>","protected":false},"featured_media":733,"comment_status":"open","ping_status":"closed","template":"","meta":[],"product_brand":[],"product_cat":[23],"product_tag":[],"class_list":{"0":"post-732","1":"product","2":"type-product","3":"status-publish","4":"has-post-thumbnail","6":"product_cat-livsmedel","8":"first","9":"instock","10":"taxable","11":"shipping-taxable","12":"purchasable","13":"product-type-variable"},"_links":{"self":[{"href":"https:\/\/norrakershandel.se\/en\/wp-json\/wp\/v2\/product\/732","targetHints":{"allow":["GET"]}}],"collection":[{"href":"https:\/\/norrakershandel.se\/en\/wp-json\/wp\/v2\/product"}],"about":[{"href":"https:\/\/norrakershandel.se\/en\/wp-json\/wp\/v2\/types\/product"}],"replies":[{"embeddable":true,"href":"https:\/\/norrakershandel.se\/en\/wp-json\/wp\/v2\/comments?post=732"}],"version-history":[{"count":1,"href":"https:\/\/norrakershandel.se\/en\/wp-json\/wp\/v2\/product\/732\/revisions"}],"predecessor-version":[{"id":12058,"href":"https:\/\/norrakershandel.se\/en\/wp-json\/wp\/v2\/product\/732\/revisions\/12058"}],"wp:featuredmedia":[{"embeddable":true,"href":"https:\/\/norrakershandel.se\/en\/wp-json\/wp\/v2\/media\/733"}],"wp:attachment":[{"href":"https:\/\/norrakershandel.se\/en\/wp-json\/wp\/v2\/media?parent=732"}],"wp:term":[{"taxonomy":"product_brand","embeddable":true,"href":"https:\/\/norrakershandel.se\/en\/wp-json\/wp\/v2\/product_brand?post=732"},{"taxonomy":"product_cat","embeddable":true,"href":"https:\/\/norrakershandel.se\/en\/wp-json\/wp\/v2\/product_cat?post=732"},{"taxonomy":"product_tag","embeddable":true,"href":"https:\/\/norrakershandel.se\/en\/wp-json\/wp\/v2\/product_tag?post=732"}],"curies":[{"name":"wp","href":"https:\/\/api.w.org\/{rel}","templated":true}]}}