{"id":8383,"date":"2021-12-10T10:09:40","date_gmt":"2021-12-10T09:09:40","guid":{"rendered":"https:\/\/norrakershandel.se\/?post_type=product&#038;p=8383"},"modified":"2025-12-08T16:04:37","modified_gmt":"2025-12-08T15:04:37","slug":"snokula-med-tomtar","status":"publish","type":"product","link":"https:\/\/norrakershandel.se\/en\/product\/snokula-med-tomtar\/","title":{"rendered":"Sn\u00f6kula med tomtar"},"content":{"rendered":"<p>H\u00f6jd 11 cm<\/p>\n<p>Design Ruth Vetter f\u00f6r N\u00e4\u00e4sgr\u00e4nsg\u00e5rden.<\/p>","protected":false},"excerpt":{"rendered":"<p>Mysig julst\u00e4mning!<\/p>\n<p>Glaskula med tre tomtar och sn\u00f6 som faller.<\/p>","protected":false},"featured_media":8384,"comment_status":"open","ping_status":"closed","template":"","meta":[],"product_brand":[],"product_cat":[33,36],"product_tag":[],"class_list":{"0":"post-8383","1":"product","2":"type-product","3":"status-publish","4":"has-post-thumbnail","6":"product_cat-allt-for-hemmet","7":"product_cat-presenttips","9":"first","10":"instock","11":"taxable","12":"shipping-taxable","13":"purchasable","14":"product-type-simple"},"_links":{"self":[{"href":"https:\/\/norrakershandel.se\/en\/wp-json\/wp\/v2\/product\/8383","targetHints":{"allow":["GET"]}}],"collection":[{"href":"https:\/\/norrakershandel.se\/en\/wp-json\/wp\/v2\/product"}],"about":[{"href":"https:\/\/norrakershandel.se\/en\/wp-json\/wp\/v2\/types\/product"}],"replies":[{"embeddable":true,"href":"https:\/\/norrakershandel.se\/en\/wp-json\/wp\/v2\/comments?post=8383"}],"version-history":[{"count":1,"href":"https:\/\/norrakershandel.se\/en\/wp-json\/wp\/v2\/product\/8383\/revisions"}],"predecessor-version":[{"id":12207,"href":"https:\/\/norrakershandel.se\/en\/wp-json\/wp\/v2\/product\/8383\/revisions\/12207"}],"wp:featuredmedia":[{"embeddable":true,"href":"https:\/\/norrakershandel.se\/en\/wp-json\/wp\/v2\/media\/8384"}],"wp:attachment":[{"href":"https:\/\/norrakershandel.se\/en\/wp-json\/wp\/v2\/media?parent=8383"}],"wp:term":[{"taxonomy":"product_brand","embeddable":true,"href":"https:\/\/norrakershandel.se\/en\/wp-json\/wp\/v2\/product_brand?post=8383"},{"taxonomy":"product_cat","embeddable":true,"href":"https:\/\/norrakershandel.se\/en\/wp-json\/wp\/v2\/product_cat?post=8383"},{"taxonomy":"product_tag","embeddable":true,"href":"https:\/\/norrakershandel.se\/en\/wp-json\/wp\/v2\/product_tag?post=8383"}],"curies":[{"name":"wp","href":"https:\/\/api.w.org\/{rel}","templated":true}]}}